{"id":8244,"date":"2023-01-20T03:34:09","date_gmt":"2023-01-20T03:34:09","guid":{"rendered":"https:\/\/syp-drinks.com\/?post_type=product&#038;p=8244"},"modified":"2023-01-24T04:44:42","modified_gmt":"2023-01-24T04:44:42","slug":"bebidas-syp-pasadas-de-moda","status":"publish","type":"product","link":"https:\/\/syp-drinks.com\/es\/producto\/bebidas-syp-pasadas-de-moda\/","title":{"rendered":"Bebidas SYP pasadas de moda"},"content":{"rendered":"","protected":false},"excerpt":{"rendered":"<pre id=\"tw-target-text\" class=\"tw-data-text tw-text-large tw-ta\" dir=\"ltr\" data-placeholder=\"Translation\"><span class=\"Y2IQFc\" lang=\"es\">No se puede conseguir m\u00e1s cl\u00e1sico que un cl\u00e1sico Old Fashioned. \u00bfPor qu\u00e9 a la antigua? Es beber a la manera \"antigua\". Aguardiente moreno, az\u00facar, bitters y agua. Esta humilde mezcla de cuatro ingredientes es, literalmente, el c\u00f3ctel con el que empez\u00f3 todo. Hemos tomado bourbon directamente desde la fuente de su origen. Creado por dos hermanos franceses, el esp\u00edritu oscuro naci\u00f3 en la frontera estadounidense y alcanz\u00f3 la mayor\u00eda de edad en Madison Avenue (v\u00eda Kentucky). Nuestra bebida, rica y oscura y que vale la pena saborear cada bocado complacer\u00e1 incluso al conocedor m\u00e1s firme y anticuado.<\/span><\/pre>\n","protected":false},"featured_media":8518,"comment_status":"closed","ping_status":"closed","template":"","meta":[],"product_brand":[],"product_cat":[66],"product_tag":[],"class_list":{"0":"post-8244","1":"product","2":"type-product","3":"status-publish","4":"has-post-thumbnail","6":"product_cat-cocteles-clasicos","8":"first","9":"outofstock","10":"taxable","11":"shipping-taxable","12":"purchasable","13":"product-type-simple"},"yoast_head":"<!-- This site is optimized with the Yoast SEO Premium plugin v23.7 (Yoast SEO v27.1.1) - https:\/\/yoast.com\/product\/yoast-seo-premium-wordpress\/ -->\n<title>Bebidas SYP pasadas de moda - SYP Drinks<\/title>\n<meta name=\"robots\" content=\"index, follow, max-snippet:-1, max-image-preview:large, max-video-preview:-1\" \/>\n<link rel=\"canonical\" href=\"https:\/\/syp-drinks.com\/es\/producto\/bebidas-syp-pasadas-de-moda\/\" \/>\n<meta property=\"og:locale\" content=\"es_ES\" \/>\n<meta property=\"og:type\" content=\"article\" \/>\n<meta property=\"og:title\" content=\"Bebidas SYP pasadas de moda\" \/>\n<meta property=\"og:description\" content=\"No se puede conseguir m\u00e1s cl\u00e1sico que un cl\u00e1sico Old Fashioned. \u00bfPor qu\u00e9 a la antigua? Es beber a la manera &quot;antigua&quot;. Aguardiente moreno, az\u00facar, bitters y agua. Esta humilde mezcla de cuatro ingredientes es, literalmente, el c\u00f3ctel con el que empez\u00f3 todo. Hemos tomado bourbon directamente desde la fuente de su origen. Creado por dos hermanos franceses, el esp\u00edritu oscuro naci\u00f3 en la frontera estadounidense y alcanz\u00f3 la mayor\u00eda de edad en Madison Avenue (v\u00eda Kentucky). Nuestra bebida, rica y oscura y que vale la pena saborear cada bocado complacer\u00e1 incluso al conocedor m\u00e1s firme y anticuado.\" \/>\n<meta property=\"og:url\" content=\"https:\/\/syp-drinks.com\/es\/producto\/bebidas-syp-pasadas-de-moda\/\" \/>\n<meta property=\"og:site_name\" content=\"SYP Drinks\" \/>\n<meta property=\"article:publisher\" content=\"https:\/\/www.instagram.com\/syp_drinks\/?hl=en\" \/>\n<meta property=\"article:modified_time\" content=\"2023-01-24T04:44:42+00:00\" \/>\n<meta property=\"og:image\" content=\"https:\/\/syp-drinks.com\/wp-content\/uploads\/2023\/01\/SYP_white-background_web-res_72ppi_2500px_long-edge_02-1.jpg\" \/>\n\t<meta property=\"og:image:width\" content=\"2000\" \/>\n\t<meta property=\"og:image:height\" content=\"2500\" \/>\n\t<meta property=\"og:image:type\" content=\"image\/jpeg\" \/>\n<meta name=\"twitter:card\" content=\"summary_large_image\" \/>\n<script type=\"application\/ld+json\" class=\"yoast-schema-graph\">{\"@context\":\"https:\/\/schema.org\",\"@graph\":[{\"@type\":\"WebPage\",\"@id\":\"https:\/\/syp-drinks.com\/es\/producto\/bebidas-syp-pasadas-de-moda\/\",\"url\":\"https:\/\/syp-drinks.com\/es\/producto\/bebidas-syp-pasadas-de-moda\/\",\"name\":\"Bebidas SYP pasadas de moda - SYP Drinks\",\"isPartOf\":{\"@id\":\"https:\/\/syp-drinks.com\/es\/#website\"},\"primaryImageOfPage\":{\"@id\":\"https:\/\/syp-drinks.com\/es\/producto\/bebidas-syp-pasadas-de-moda\/#primaryimage\"},\"image\":{\"@id\":\"https:\/\/syp-drinks.com\/es\/producto\/bebidas-syp-pasadas-de-moda\/#primaryimage\"},\"thumbnailUrl\":\"https:\/\/syp-drinks.com\/wp-content\/uploads\/2023\/01\/SYP_white-background_web-res_72ppi_2500px_long-edge_02-1.jpg\",\"datePublished\":\"2023-01-20T03:34:09+00:00\",\"dateModified\":\"2023-01-24T04:44:42+00:00\",\"breadcrumb\":{\"@id\":\"https:\/\/syp-drinks.com\/es\/producto\/bebidas-syp-pasadas-de-moda\/#breadcrumb\"},\"inLanguage\":\"es\",\"potentialAction\":[{\"@type\":\"ReadAction\",\"target\":[\"https:\/\/syp-drinks.com\/es\/producto\/bebidas-syp-pasadas-de-moda\/\"]}]},{\"@type\":\"ImageObject\",\"inLanguage\":\"es\",\"@id\":\"https:\/\/syp-drinks.com\/es\/producto\/bebidas-syp-pasadas-de-moda\/#primaryimage\",\"url\":\"https:\/\/syp-drinks.com\/wp-content\/uploads\/2023\/01\/SYP_white-background_web-res_72ppi_2500px_long-edge_02-1.jpg\",\"contentUrl\":\"https:\/\/syp-drinks.com\/wp-content\/uploads\/2023\/01\/SYP_white-background_web-res_72ppi_2500px_long-edge_02-1.jpg\",\"width\":2000,\"height\":2500,\"caption\":\"SYP Drinks Old Fashioned\"},{\"@type\":\"BreadcrumbList\",\"@id\":\"https:\/\/syp-drinks.com\/es\/producto\/bebidas-syp-pasadas-de-moda\/#breadcrumb\",\"itemListElement\":[{\"@type\":\"ListItem\",\"position\":1,\"name\":\"Home\",\"item\":\"https:\/\/syp-drinks.com\/es\/\"},{\"@type\":\"ListItem\",\"position\":2,\"name\":\"Tienda\",\"item\":\"https:\/\/syp-drinks.com\/es\/tienda\/\"},{\"@type\":\"ListItem\",\"position\":3,\"name\":\"Bebidas SYP pasadas de moda\"}]},{\"@type\":\"WebSite\",\"@id\":\"https:\/\/syp-drinks.com\/es\/#website\",\"url\":\"https:\/\/syp-drinks.com\/es\/\",\"name\":\"SYP Drinks\",\"description\":\"SYP Drinks\",\"publisher\":{\"@id\":\"https:\/\/syp-drinks.com\/es\/#organization\"},\"potentialAction\":[{\"@type\":\"SearchAction\",\"target\":{\"@type\":\"EntryPoint\",\"urlTemplate\":\"https:\/\/syp-drinks.com\/es\/?s={search_term_string}\"},\"query-input\":{\"@type\":\"PropertyValueSpecification\",\"valueRequired\":true,\"valueName\":\"search_term_string\"}}],\"inLanguage\":\"es\"},{\"@type\":\"Organization\",\"@id\":\"https:\/\/syp-drinks.com\/es\/#organization\",\"name\":\"SYP Drinks\",\"url\":\"https:\/\/syp-drinks.com\/es\/\",\"logo\":{\"@type\":\"ImageObject\",\"inLanguage\":\"es\",\"@id\":\"https:\/\/syp-drinks.com\/es\/#\/schema\/logo\/image\/\",\"url\":\"https:\/\/syp-drinks.com\/wp-content\/uploads\/2022\/09\/cropped-logoSYP400x400.jpeg\",\"contentUrl\":\"https:\/\/syp-drinks.com\/wp-content\/uploads\/2022\/09\/cropped-logoSYP400x400.jpeg\",\"width\":400,\"height\":218,\"caption\":\"SYP Drinks\"},\"image\":{\"@id\":\"https:\/\/syp-drinks.com\/es\/#\/schema\/logo\/image\/\"},\"sameAs\":[\"https:\/\/www.instagram.com\/syp_drinks\/?hl=en\",\"https:\/\/www.instagram.com\/syp_drinks\"]}]}<\/script>\n<!-- \/ Yoast SEO Premium plugin. -->","yoast_head_json":{"title":"Bebidas SYP pasadas de moda - SYP Drinks","robots":{"index":"index","follow":"follow","max-snippet":"max-snippet:-1","max-image-preview":"max-image-preview:large","max-video-preview":"max-video-preview:-1"},"canonical":"https:\/\/syp-drinks.com\/es\/producto\/bebidas-syp-pasadas-de-moda\/","og_locale":"es_ES","og_type":"article","og_title":"Bebidas SYP pasadas de moda","og_description":"No se puede conseguir m\u00e1s cl\u00e1sico que un cl\u00e1sico Old Fashioned. \u00bfPor qu\u00e9 a la antigua? Es beber a la manera \"antigua\". Aguardiente moreno, az\u00facar, bitters y agua. Esta humilde mezcla de cuatro ingredientes es, literalmente, el c\u00f3ctel con el que empez\u00f3 todo. Hemos tomado bourbon directamente desde la fuente de su origen. Creado por dos hermanos franceses, el esp\u00edritu oscuro naci\u00f3 en la frontera estadounidense y alcanz\u00f3 la mayor\u00eda de edad en Madison Avenue (v\u00eda Kentucky). Nuestra bebida, rica y oscura y que vale la pena saborear cada bocado complacer\u00e1 incluso al conocedor m\u00e1s firme y anticuado.","og_url":"https:\/\/syp-drinks.com\/es\/producto\/bebidas-syp-pasadas-de-moda\/","og_site_name":"SYP Drinks","article_publisher":"https:\/\/www.instagram.com\/syp_drinks\/?hl=en","article_modified_time":"2023-01-24T04:44:42+00:00","og_image":[{"width":2000,"height":2500,"url":"https:\/\/syp-drinks.com\/wp-content\/uploads\/2023\/01\/SYP_white-background_web-res_72ppi_2500px_long-edge_02-1.jpg","type":"image\/jpeg"}],"twitter_card":"summary_large_image","schema":{"@context":"https:\/\/schema.org","@graph":[{"@type":"WebPage","@id":"https:\/\/syp-drinks.com\/es\/producto\/bebidas-syp-pasadas-de-moda\/","url":"https:\/\/syp-drinks.com\/es\/producto\/bebidas-syp-pasadas-de-moda\/","name":"Bebidas SYP pasadas de moda - SYP Drinks","isPartOf":{"@id":"https:\/\/syp-drinks.com\/es\/#website"},"primaryImageOfPage":{"@id":"https:\/\/syp-drinks.com\/es\/producto\/bebidas-syp-pasadas-de-moda\/#primaryimage"},"image":{"@id":"https:\/\/syp-drinks.com\/es\/producto\/bebidas-syp-pasadas-de-moda\/#primaryimage"},"thumbnailUrl":"https:\/\/syp-drinks.com\/wp-content\/uploads\/2023\/01\/SYP_white-background_web-res_72ppi_2500px_long-edge_02-1.jpg","datePublished":"2023-01-20T03:34:09+00:00","dateModified":"2023-01-24T04:44:42+00:00","breadcrumb":{"@id":"https:\/\/syp-drinks.com\/es\/producto\/bebidas-syp-pasadas-de-moda\/#breadcrumb"},"inLanguage":"es","potentialAction":[{"@type":"ReadAction","target":["https:\/\/syp-drinks.com\/es\/producto\/bebidas-syp-pasadas-de-moda\/"]}]},{"@type":"ImageObject","inLanguage":"es","@id":"https:\/\/syp-drinks.com\/es\/producto\/bebidas-syp-pasadas-de-moda\/#primaryimage","url":"https:\/\/syp-drinks.com\/wp-content\/uploads\/2023\/01\/SYP_white-background_web-res_72ppi_2500px_long-edge_02-1.jpg","contentUrl":"https:\/\/syp-drinks.com\/wp-content\/uploads\/2023\/01\/SYP_white-background_web-res_72ppi_2500px_long-edge_02-1.jpg","width":2000,"height":2500,"caption":"SYP Drinks Old Fashioned"},{"@type":"BreadcrumbList","@id":"https:\/\/syp-drinks.com\/es\/producto\/bebidas-syp-pasadas-de-moda\/#breadcrumb","itemListElement":[{"@type":"ListItem","position":1,"name":"Home","item":"https:\/\/syp-drinks.com\/es\/"},{"@type":"ListItem","position":2,"name":"Tienda","item":"https:\/\/syp-drinks.com\/es\/tienda\/"},{"@type":"ListItem","position":3,"name":"Bebidas SYP pasadas de moda"}]},{"@type":"WebSite","@id":"https:\/\/syp-drinks.com\/es\/#website","url":"https:\/\/syp-drinks.com\/es\/","name":"SYP Drinks","description":"SYP Drinks","publisher":{"@id":"https:\/\/syp-drinks.com\/es\/#organization"},"potentialAction":[{"@type":"SearchAction","target":{"@type":"EntryPoint","urlTemplate":"https:\/\/syp-drinks.com\/es\/?s={search_term_string}"},"query-input":{"@type":"PropertyValueSpecification","valueRequired":true,"valueName":"search_term_string"}}],"inLanguage":"es"},{"@type":"Organization","@id":"https:\/\/syp-drinks.com\/es\/#organization","name":"SYP Drinks","url":"https:\/\/syp-drinks.com\/es\/","logo":{"@type":"ImageObject","inLanguage":"es","@id":"https:\/\/syp-drinks.com\/es\/#\/schema\/logo\/image\/","url":"https:\/\/syp-drinks.com\/wp-content\/uploads\/2022\/09\/cropped-logoSYP400x400.jpeg","contentUrl":"https:\/\/syp-drinks.com\/wp-content\/uploads\/2022\/09\/cropped-logoSYP400x400.jpeg","width":400,"height":218,"caption":"SYP Drinks"},"image":{"@id":"https:\/\/syp-drinks.com\/es\/#\/schema\/logo\/image\/"},"sameAs":["https:\/\/www.instagram.com\/syp_drinks\/?hl=en","https:\/\/www.instagram.com\/syp_drinks"]}]}},"jetpack_sharing_enabled":true,"_links":{"self":[{"href":"https:\/\/syp-drinks.com\/es\/wp-json\/wp\/v2\/product\/8244","targetHints":{"allow":["GET"]}}],"collection":[{"href":"https:\/\/syp-drinks.com\/es\/wp-json\/wp\/v2\/product"}],"about":[{"href":"https:\/\/syp-drinks.com\/es\/wp-json\/wp\/v2\/types\/product"}],"replies":[{"embeddable":true,"href":"https:\/\/syp-drinks.com\/es\/wp-json\/wp\/v2\/comments?post=8244"}],"wp:featuredmedia":[{"embeddable":true,"href":"https:\/\/syp-drinks.com\/es\/wp-json\/wp\/v2\/media\/8518"}],"wp:attachment":[{"href":"https:\/\/syp-drinks.com\/es\/wp-json\/wp\/v2\/media?parent=8244"}],"wp:term":[{"taxonomy":"product_brand","embeddable":true,"href":"https:\/\/syp-drinks.com\/es\/wp-json\/wp\/v2\/product_brand?post=8244"},{"taxonomy":"product_cat","embeddable":true,"href":"https:\/\/syp-drinks.com\/es\/wp-json\/wp\/v2\/product_cat?post=8244"},{"taxonomy":"product_tag","embeddable":true,"href":"https:\/\/syp-drinks.com\/es\/wp-json\/wp\/v2\/product_tag?post=8244"}],"curies":[{"name":"wp","href":"https:\/\/api.w.org\/{rel}","templated":true}]}}