{"id":8254,"date":"2023-01-20T03:41:55","date_gmt":"2023-01-20T03:41:55","guid":{"rendered":"https:\/\/syp-drinks.com\/?post_type=product&#038;p=8254"},"modified":"2023-01-24T04:40:14","modified_gmt":"2023-01-24T04:40:14","slug":"syp-espresso-martini","status":"publish","type":"product","link":"https:\/\/syp-drinks.com\/es\/producto\/syp-espresso-martini\/","title":{"rendered":"SYP Espresso Martini"},"content":{"rendered":"","protected":false},"excerpt":{"rendered":"<pre id=\"tw-target-text\" class=\"tw-data-text tw-text-large tw-ta\" dir=\"ltr\" data-placeholder=\"Translation\"><span class=\"Y2IQFc\" lang=\"es\">Originalmente dise\u00f1ado como un estimulante para una supermodelo cansada una noche, el Espresso Martini ahora ocupa su lugar como un c\u00f3ctel de referencia en toda Europa y Australia. El SYP Espresso Martini es un c\u00f3ctel fr\u00edo con sabor a caf\u00e9 elaborado con vodka, caf\u00e9 fr\u00edo y licor de caf\u00e9. Simplemente enfr\u00ede, agite, vierta y disfrute.<\/span><\/pre>\n","protected":false},"featured_media":8502,"comment_status":"closed","ping_status":"closed","template":"","meta":[],"product_brand":[],"product_cat":[66],"product_tag":[],"class_list":{"0":"post-8254","1":"product","2":"type-product","3":"status-publish","4":"has-post-thumbnail","6":"product_cat-cocteles-clasicos","8":"first","9":"outofstock","10":"taxable","11":"shipping-taxable","12":"purchasable","13":"product-type-simple"},"yoast_head":"<!-- This site is optimized with the Yoast SEO Premium plugin v23.7 (Yoast SEO v27.1.1) - https:\/\/yoast.com\/product\/yoast-seo-premium-wordpress\/ -->\n<title>SYP Espresso Martini - SYP Drinks<\/title>\n<meta name=\"robots\" content=\"index, follow, max-snippet:-1, max-image-preview:large, max-video-preview:-1\" \/>\n<link rel=\"canonical\" href=\"https:\/\/syp-drinks.com\/es\/producto\/syp-espresso-martini\/\" \/>\n<meta property=\"og:locale\" content=\"es_ES\" \/>\n<meta property=\"og:type\" content=\"article\" \/>\n<meta property=\"og:title\" content=\"SYP Espresso Martini\" \/>\n<meta property=\"og:description\" content=\"Originalmente dise\u00f1ado como un estimulante para una supermodelo cansada una noche, el Espresso Martini ahora ocupa su lugar como un c\u00f3ctel de referencia en toda Europa y Australia. El SYP Espresso Martini es un c\u00f3ctel fr\u00edo con sabor a caf\u00e9 elaborado con vodka, caf\u00e9 fr\u00edo y licor de caf\u00e9. Simplemente enfr\u00ede, agite, vierta y disfrute.\" \/>\n<meta property=\"og:url\" content=\"https:\/\/syp-drinks.com\/es\/producto\/syp-espresso-martini\/\" \/>\n<meta property=\"og:site_name\" content=\"SYP Drinks\" \/>\n<meta property=\"article:publisher\" content=\"https:\/\/www.instagram.com\/syp_drinks\/?hl=en\" \/>\n<meta property=\"article:modified_time\" content=\"2023-01-24T04:40:14+00:00\" \/>\n<meta property=\"og:image\" content=\"https:\/\/syp-drinks.com\/wp-content\/uploads\/2023\/01\/SYP_white-background_web-res_72ppi_2500px_long-edge_07-1.jpg\" \/>\n\t<meta property=\"og:image:width\" content=\"2000\" \/>\n\t<meta property=\"og:image:height\" content=\"2500\" \/>\n\t<meta property=\"og:image:type\" content=\"image\/jpeg\" \/>\n<meta name=\"twitter:card\" content=\"summary_large_image\" \/>\n<script type=\"application\/ld+json\" class=\"yoast-schema-graph\">{\"@context\":\"https:\/\/schema.org\",\"@graph\":[{\"@type\":\"WebPage\",\"@id\":\"https:\/\/syp-drinks.com\/es\/producto\/syp-espresso-martini\/\",\"url\":\"https:\/\/syp-drinks.com\/es\/producto\/syp-espresso-martini\/\",\"name\":\"SYP Espresso Martini - SYP Drinks\",\"isPartOf\":{\"@id\":\"https:\/\/syp-drinks.com\/es\/#website\"},\"primaryImageOfPage\":{\"@id\":\"https:\/\/syp-drinks.com\/es\/producto\/syp-espresso-martini\/#primaryimage\"},\"image\":{\"@id\":\"https:\/\/syp-drinks.com\/es\/producto\/syp-espresso-martini\/#primaryimage\"},\"thumbnailUrl\":\"https:\/\/syp-drinks.com\/wp-content\/uploads\/2023\/01\/SYP_white-background_web-res_72ppi_2500px_long-edge_07-1.jpg\",\"datePublished\":\"2023-01-20T03:41:55+00:00\",\"dateModified\":\"2023-01-24T04:40:14+00:00\",\"breadcrumb\":{\"@id\":\"https:\/\/syp-drinks.com\/es\/producto\/syp-espresso-martini\/#breadcrumb\"},\"inLanguage\":\"es\",\"potentialAction\":[{\"@type\":\"ReadAction\",\"target\":[\"https:\/\/syp-drinks.com\/es\/producto\/syp-espresso-martini\/\"]}]},{\"@type\":\"ImageObject\",\"inLanguage\":\"es\",\"@id\":\"https:\/\/syp-drinks.com\/es\/producto\/syp-espresso-martini\/#primaryimage\",\"url\":\"https:\/\/syp-drinks.com\/wp-content\/uploads\/2023\/01\/SYP_white-background_web-res_72ppi_2500px_long-edge_07-1.jpg\",\"contentUrl\":\"https:\/\/syp-drinks.com\/wp-content\/uploads\/2023\/01\/SYP_white-background_web-res_72ppi_2500px_long-edge_07-1.jpg\",\"width\":2000,\"height\":2500,\"caption\":\"SYP Drinks Espresso Martini\"},{\"@type\":\"BreadcrumbList\",\"@id\":\"https:\/\/syp-drinks.com\/es\/producto\/syp-espresso-martini\/#breadcrumb\",\"itemListElement\":[{\"@type\":\"ListItem\",\"position\":1,\"name\":\"Home\",\"item\":\"https:\/\/syp-drinks.com\/es\/\"},{\"@type\":\"ListItem\",\"position\":2,\"name\":\"Tienda\",\"item\":\"https:\/\/syp-drinks.com\/es\/tienda\/\"},{\"@type\":\"ListItem\",\"position\":3,\"name\":\"SYP Espresso Martini\"}]},{\"@type\":\"WebSite\",\"@id\":\"https:\/\/syp-drinks.com\/es\/#website\",\"url\":\"https:\/\/syp-drinks.com\/es\/\",\"name\":\"SYP Drinks\",\"description\":\"SYP Drinks\",\"publisher\":{\"@id\":\"https:\/\/syp-drinks.com\/es\/#organization\"},\"potentialAction\":[{\"@type\":\"SearchAction\",\"target\":{\"@type\":\"EntryPoint\",\"urlTemplate\":\"https:\/\/syp-drinks.com\/es\/?s={search_term_string}\"},\"query-input\":{\"@type\":\"PropertyValueSpecification\",\"valueRequired\":true,\"valueName\":\"search_term_string\"}}],\"inLanguage\":\"es\"},{\"@type\":\"Organization\",\"@id\":\"https:\/\/syp-drinks.com\/es\/#organization\",\"name\":\"SYP Drinks\",\"url\":\"https:\/\/syp-drinks.com\/es\/\",\"logo\":{\"@type\":\"ImageObject\",\"inLanguage\":\"es\",\"@id\":\"https:\/\/syp-drinks.com\/es\/#\/schema\/logo\/image\/\",\"url\":\"https:\/\/syp-drinks.com\/wp-content\/uploads\/2022\/09\/cropped-logoSYP400x400.jpeg\",\"contentUrl\":\"https:\/\/syp-drinks.com\/wp-content\/uploads\/2022\/09\/cropped-logoSYP400x400.jpeg\",\"width\":400,\"height\":218,\"caption\":\"SYP Drinks\"},\"image\":{\"@id\":\"https:\/\/syp-drinks.com\/es\/#\/schema\/logo\/image\/\"},\"sameAs\":[\"https:\/\/www.instagram.com\/syp_drinks\/?hl=en\",\"https:\/\/www.instagram.com\/syp_drinks\"]}]}<\/script>\n<!-- \/ Yoast SEO Premium plugin. -->","yoast_head_json":{"title":"SYP Espresso Martini - SYP Drinks","robots":{"index":"index","follow":"follow","max-snippet":"max-snippet:-1","max-image-preview":"max-image-preview:large","max-video-preview":"max-video-preview:-1"},"canonical":"https:\/\/syp-drinks.com\/es\/producto\/syp-espresso-martini\/","og_locale":"es_ES","og_type":"article","og_title":"SYP Espresso Martini","og_description":"Originalmente dise\u00f1ado como un estimulante para una supermodelo cansada una noche, el Espresso Martini ahora ocupa su lugar como un c\u00f3ctel de referencia en toda Europa y Australia. El SYP Espresso Martini es un c\u00f3ctel fr\u00edo con sabor a caf\u00e9 elaborado con vodka, caf\u00e9 fr\u00edo y licor de caf\u00e9. Simplemente enfr\u00ede, agite, vierta y disfrute.","og_url":"https:\/\/syp-drinks.com\/es\/producto\/syp-espresso-martini\/","og_site_name":"SYP Drinks","article_publisher":"https:\/\/www.instagram.com\/syp_drinks\/?hl=en","article_modified_time":"2023-01-24T04:40:14+00:00","og_image":[{"width":2000,"height":2500,"url":"https:\/\/syp-drinks.com\/wp-content\/uploads\/2023\/01\/SYP_white-background_web-res_72ppi_2500px_long-edge_07-1.jpg","type":"image\/jpeg"}],"twitter_card":"summary_large_image","schema":{"@context":"https:\/\/schema.org","@graph":[{"@type":"WebPage","@id":"https:\/\/syp-drinks.com\/es\/producto\/syp-espresso-martini\/","url":"https:\/\/syp-drinks.com\/es\/producto\/syp-espresso-martini\/","name":"SYP Espresso Martini - SYP Drinks","isPartOf":{"@id":"https:\/\/syp-drinks.com\/es\/#website"},"primaryImageOfPage":{"@id":"https:\/\/syp-drinks.com\/es\/producto\/syp-espresso-martini\/#primaryimage"},"image":{"@id":"https:\/\/syp-drinks.com\/es\/producto\/syp-espresso-martini\/#primaryimage"},"thumbnailUrl":"https:\/\/syp-drinks.com\/wp-content\/uploads\/2023\/01\/SYP_white-background_web-res_72ppi_2500px_long-edge_07-1.jpg","datePublished":"2023-01-20T03:41:55+00:00","dateModified":"2023-01-24T04:40:14+00:00","breadcrumb":{"@id":"https:\/\/syp-drinks.com\/es\/producto\/syp-espresso-martini\/#breadcrumb"},"inLanguage":"es","potentialAction":[{"@type":"ReadAction","target":["https:\/\/syp-drinks.com\/es\/producto\/syp-espresso-martini\/"]}]},{"@type":"ImageObject","inLanguage":"es","@id":"https:\/\/syp-drinks.com\/es\/producto\/syp-espresso-martini\/#primaryimage","url":"https:\/\/syp-drinks.com\/wp-content\/uploads\/2023\/01\/SYP_white-background_web-res_72ppi_2500px_long-edge_07-1.jpg","contentUrl":"https:\/\/syp-drinks.com\/wp-content\/uploads\/2023\/01\/SYP_white-background_web-res_72ppi_2500px_long-edge_07-1.jpg","width":2000,"height":2500,"caption":"SYP Drinks Espresso Martini"},{"@type":"BreadcrumbList","@id":"https:\/\/syp-drinks.com\/es\/producto\/syp-espresso-martini\/#breadcrumb","itemListElement":[{"@type":"ListItem","position":1,"name":"Home","item":"https:\/\/syp-drinks.com\/es\/"},{"@type":"ListItem","position":2,"name":"Tienda","item":"https:\/\/syp-drinks.com\/es\/tienda\/"},{"@type":"ListItem","position":3,"name":"SYP Espresso Martini"}]},{"@type":"WebSite","@id":"https:\/\/syp-drinks.com\/es\/#website","url":"https:\/\/syp-drinks.com\/es\/","name":"SYP Drinks","description":"SYP Drinks","publisher":{"@id":"https:\/\/syp-drinks.com\/es\/#organization"},"potentialAction":[{"@type":"SearchAction","target":{"@type":"EntryPoint","urlTemplate":"https:\/\/syp-drinks.com\/es\/?s={search_term_string}"},"query-input":{"@type":"PropertyValueSpecification","valueRequired":true,"valueName":"search_term_string"}}],"inLanguage":"es"},{"@type":"Organization","@id":"https:\/\/syp-drinks.com\/es\/#organization","name":"SYP Drinks","url":"https:\/\/syp-drinks.com\/es\/","logo":{"@type":"ImageObject","inLanguage":"es","@id":"https:\/\/syp-drinks.com\/es\/#\/schema\/logo\/image\/","url":"https:\/\/syp-drinks.com\/wp-content\/uploads\/2022\/09\/cropped-logoSYP400x400.jpeg","contentUrl":"https:\/\/syp-drinks.com\/wp-content\/uploads\/2022\/09\/cropped-logoSYP400x400.jpeg","width":400,"height":218,"caption":"SYP Drinks"},"image":{"@id":"https:\/\/syp-drinks.com\/es\/#\/schema\/logo\/image\/"},"sameAs":["https:\/\/www.instagram.com\/syp_drinks\/?hl=en","https:\/\/www.instagram.com\/syp_drinks"]}]}},"jetpack_sharing_enabled":true,"_links":{"self":[{"href":"https:\/\/syp-drinks.com\/es\/wp-json\/wp\/v2\/product\/8254","targetHints":{"allow":["GET"]}}],"collection":[{"href":"https:\/\/syp-drinks.com\/es\/wp-json\/wp\/v2\/product"}],"about":[{"href":"https:\/\/syp-drinks.com\/es\/wp-json\/wp\/v2\/types\/product"}],"replies":[{"embeddable":true,"href":"https:\/\/syp-drinks.com\/es\/wp-json\/wp\/v2\/comments?post=8254"}],"wp:featuredmedia":[{"embeddable":true,"href":"https:\/\/syp-drinks.com\/es\/wp-json\/wp\/v2\/media\/8502"}],"wp:attachment":[{"href":"https:\/\/syp-drinks.com\/es\/wp-json\/wp\/v2\/media?parent=8254"}],"wp:term":[{"taxonomy":"product_brand","embeddable":true,"href":"https:\/\/syp-drinks.com\/es\/wp-json\/wp\/v2\/product_brand?post=8254"},{"taxonomy":"product_cat","embeddable":true,"href":"https:\/\/syp-drinks.com\/es\/wp-json\/wp\/v2\/product_cat?post=8254"},{"taxonomy":"product_tag","embeddable":true,"href":"https:\/\/syp-drinks.com\/es\/wp-json\/wp\/v2\/product_tag?post=8254"}],"curies":[{"name":"wp","href":"https:\/\/api.w.org\/{rel}","templated":true}]}}