{"id":10748,"date":"2025-01-02T07:15:20","date_gmt":"2025-01-02T07:15:20","guid":{"rendered":"https:\/\/syp-drinks.com\/product\/margarita\/"},"modified":"2025-01-02T07:15:20","modified_gmt":"2025-01-02T07:15:20","slug":"margarita","status":"publish","type":"product","link":"https:\/\/syp-drinks.com\/fr\/produit\/margarita\/","title":{"rendered":"Margarita"},"content":{"rendered":"<p>Le plaisir de la foule !<\/p>\n<p>Un classique intemporel avec une touche piquante, la Margarita est l&rsquo;\u00e9quilibre parfait entre l&rsquo;acidul\u00e9 et l&rsquo;onctueux.<\/p>\n<p>La Margarita SYP est faite de tequila de premi\u00e8re qualit\u00e9, de jus de citron vert acidul\u00e9 et d&rsquo;une touche de liqueur d&rsquo;orange, servie sur de la glace avec un bord sal\u00e9 pour une touche de saveur parfaite.<\/p>\n<p>Il suffit de secouer, de verser et de siroter pour obtenir des vibrations ensoleill\u00e9es.<\/p>\n<p>&nbsp;<\/p>\n","protected":false},"excerpt":{"rendered":"<p>La SYP Margarita est compos\u00e9e de tequila de premi\u00e8re qualit\u00e9, de jus de citron vert acidul\u00e9 et d&rsquo;une touche de liqueur d&rsquo;orange, servie sur glace avec un bord sal\u00e9 pour une touche de saveur parfaite.<\/p>\n","protected":false},"featured_media":10708,"comment_status":"closed","ping_status":"closed","template":"","meta":[],"product_brand":[],"product_cat":[],"product_tag":[],"class_list":{"0":"post-10748","1":"product","2":"type-product","3":"status-publish","4":"has-post-thumbnail","7":"first","8":"instock","9":"taxable","10":"shipping-taxable","11":"purchasable","12":"product-type-simple"},"yoast_head":"<!-- This site is optimized with the Yoast SEO Premium plugin v23.7 (Yoast SEO v27.1.1) - https:\/\/yoast.com\/product\/yoast-seo-premium-wordpress\/ -->\n<title>Margarita - SYP Drinks<\/title>\n<meta name=\"description\" content=\"La SYP Margarita est compos\u00e9e de tequila de qualit\u00e9 sup\u00e9rieure, de jus de citron vert acidul\u00e9 et d&#039;une touche de liqueur d&#039;orange. Elle est servie sur de la glace avec un bord sal\u00e9 pour une touche de saveur parfaite.\" \/>\n<meta name=\"robots\" content=\"index, follow, max-snippet:-1, max-image-preview:large, max-video-preview:-1\" \/>\n<link rel=\"canonical\" href=\"https:\/\/syp-drinks.com\/fr\/produit\/margarita\/\" \/>\n<meta property=\"og:locale\" content=\"fr_FR\" \/>\n<meta property=\"og:type\" content=\"article\" \/>\n<meta property=\"og:title\" content=\"Margarita\" \/>\n<meta property=\"og:description\" content=\"La SYP Margarita est compos\u00e9e de tequila de qualit\u00e9 sup\u00e9rieure, de jus de citron vert acidul\u00e9 et d&#039;une touche de liqueur d&#039;orange. Elle est servie sur de la glace avec un bord sal\u00e9 pour une touche de saveur parfaite.\" \/>\n<meta property=\"og:url\" content=\"https:\/\/syp-drinks.com\/fr\/produit\/margarita\/\" \/>\n<meta property=\"og:site_name\" content=\"SYP Drinks\" \/>\n<meta property=\"article:publisher\" content=\"https:\/\/www.instagram.com\/syp_drinks\/?hl=en\" \/>\n<meta property=\"og:image\" content=\"https:\/\/syp-drinks.com\/wp-content\/uploads\/2025\/01\/SYP_white-background_web-res_72ppi_2500px_long-edge_05-scaled.jpg\" \/>\n\t<meta property=\"og:image:width\" content=\"1638\" \/>\n\t<meta property=\"og:image:height\" content=\"2048\" \/>\n\t<meta property=\"og:image:type\" content=\"image\/jpeg\" \/>\n<meta name=\"twitter:card\" content=\"summary_large_image\" \/>\n<script type=\"application\/ld+json\" class=\"yoast-schema-graph\">{\"@context\":\"https:\/\/schema.org\",\"@graph\":[{\"@type\":\"WebPage\",\"@id\":\"https:\/\/syp-drinks.com\/fr\/produit\/margarita\/\",\"url\":\"https:\/\/syp-drinks.com\/fr\/produit\/margarita\/\",\"name\":\"Margarita - SYP Drinks\",\"isPartOf\":{\"@id\":\"https:\/\/syp-drinks.com\/fr\/#website\"},\"primaryImageOfPage\":{\"@id\":\"https:\/\/syp-drinks.com\/fr\/produit\/margarita\/#primaryimage\"},\"image\":{\"@id\":\"https:\/\/syp-drinks.com\/fr\/produit\/margarita\/#primaryimage\"},\"thumbnailUrl\":\"https:\/\/syp-drinks.com\/wp-content\/uploads\/2025\/01\/SYP_white-background_web-res_72ppi_2500px_long-edge_05-scaled.jpg\",\"datePublished\":\"2025-01-02T07:15:20+00:00\",\"description\":\"La SYP Margarita est compos\u00e9e de tequila de qualit\u00e9 sup\u00e9rieure, de jus de citron vert acidul\u00e9 et d'une touche de liqueur d'orange. Elle est servie sur de la glace avec un bord sal\u00e9 pour une touche de saveur parfaite.\",\"breadcrumb\":{\"@id\":\"https:\/\/syp-drinks.com\/fr\/produit\/margarita\/#breadcrumb\"},\"inLanguage\":\"fr-FR\",\"potentialAction\":[{\"@type\":\"ReadAction\",\"target\":[\"https:\/\/syp-drinks.com\/fr\/produit\/margarita\/\"]}]},{\"@type\":\"ImageObject\",\"inLanguage\":\"fr-FR\",\"@id\":\"https:\/\/syp-drinks.com\/fr\/produit\/margarita\/#primaryimage\",\"url\":\"https:\/\/syp-drinks.com\/wp-content\/uploads\/2025\/01\/SYP_white-background_web-res_72ppi_2500px_long-edge_05-scaled.jpg\",\"contentUrl\":\"https:\/\/syp-drinks.com\/wp-content\/uploads\/2025\/01\/SYP_white-background_web-res_72ppi_2500px_long-edge_05-scaled.jpg\",\"width\":1638,\"height\":2048},{\"@type\":\"BreadcrumbList\",\"@id\":\"https:\/\/syp-drinks.com\/fr\/produit\/margarita\/#breadcrumb\",\"itemListElement\":[{\"@type\":\"ListItem\",\"position\":1,\"name\":\"Home\",\"item\":\"https:\/\/syp-drinks.com\/fr\/\"},{\"@type\":\"ListItem\",\"position\":2,\"name\":\"Boutique\",\"item\":\"https:\/\/syp-drinks.com\/fr\/boutique\/\"},{\"@type\":\"ListItem\",\"position\":3,\"name\":\"Margarita\"}]},{\"@type\":\"WebSite\",\"@id\":\"https:\/\/syp-drinks.com\/fr\/#website\",\"url\":\"https:\/\/syp-drinks.com\/fr\/\",\"name\":\"SYP Drinks\",\"description\":\"SYP Drinks\",\"publisher\":{\"@id\":\"https:\/\/syp-drinks.com\/fr\/#organization\"},\"potentialAction\":[{\"@type\":\"SearchAction\",\"target\":{\"@type\":\"EntryPoint\",\"urlTemplate\":\"https:\/\/syp-drinks.com\/fr\/?s={search_term_string}\"},\"query-input\":{\"@type\":\"PropertyValueSpecification\",\"valueRequired\":true,\"valueName\":\"search_term_string\"}}],\"inLanguage\":\"fr-FR\"},{\"@type\":\"Organization\",\"@id\":\"https:\/\/syp-drinks.com\/fr\/#organization\",\"name\":\"SYP Drinks\",\"url\":\"https:\/\/syp-drinks.com\/fr\/\",\"logo\":{\"@type\":\"ImageObject\",\"inLanguage\":\"fr-FR\",\"@id\":\"https:\/\/syp-drinks.com\/fr\/#\/schema\/logo\/image\/\",\"url\":\"https:\/\/syp-drinks.com\/wp-content\/uploads\/2022\/09\/cropped-logoSYP400x400.jpeg\",\"contentUrl\":\"https:\/\/syp-drinks.com\/wp-content\/uploads\/2022\/09\/cropped-logoSYP400x400.jpeg\",\"width\":400,\"height\":218,\"caption\":\"SYP Drinks\"},\"image\":{\"@id\":\"https:\/\/syp-drinks.com\/fr\/#\/schema\/logo\/image\/\"},\"sameAs\":[\"https:\/\/www.instagram.com\/syp_drinks\/?hl=en\",\"https:\/\/www.instagram.com\/syp_drinks\"]}]}<\/script>\n<!-- \/ Yoast SEO Premium plugin. -->","yoast_head_json":{"title":"Margarita - SYP Drinks","description":"La SYP Margarita est compos\u00e9e de tequila de qualit\u00e9 sup\u00e9rieure, de jus de citron vert acidul\u00e9 et d'une touche de liqueur d'orange. Elle est servie sur de la glace avec un bord sal\u00e9 pour une touche de saveur parfaite.","robots":{"index":"index","follow":"follow","max-snippet":"max-snippet:-1","max-image-preview":"max-image-preview:large","max-video-preview":"max-video-preview:-1"},"canonical":"https:\/\/syp-drinks.com\/fr\/produit\/margarita\/","og_locale":"fr_FR","og_type":"article","og_title":"Margarita","og_description":"La SYP Margarita est compos\u00e9e de tequila de qualit\u00e9 sup\u00e9rieure, de jus de citron vert acidul\u00e9 et d'une touche de liqueur d'orange. Elle est servie sur de la glace avec un bord sal\u00e9 pour une touche de saveur parfaite.","og_url":"https:\/\/syp-drinks.com\/fr\/produit\/margarita\/","og_site_name":"SYP Drinks","article_publisher":"https:\/\/www.instagram.com\/syp_drinks\/?hl=en","og_image":[{"width":1638,"height":2048,"url":"https:\/\/syp-drinks.com\/wp-content\/uploads\/2025\/01\/SYP_white-background_web-res_72ppi_2500px_long-edge_05-scaled.jpg","type":"image\/jpeg"}],"twitter_card":"summary_large_image","schema":{"@context":"https:\/\/schema.org","@graph":[{"@type":"WebPage","@id":"https:\/\/syp-drinks.com\/fr\/produit\/margarita\/","url":"https:\/\/syp-drinks.com\/fr\/produit\/margarita\/","name":"Margarita - SYP Drinks","isPartOf":{"@id":"https:\/\/syp-drinks.com\/fr\/#website"},"primaryImageOfPage":{"@id":"https:\/\/syp-drinks.com\/fr\/produit\/margarita\/#primaryimage"},"image":{"@id":"https:\/\/syp-drinks.com\/fr\/produit\/margarita\/#primaryimage"},"thumbnailUrl":"https:\/\/syp-drinks.com\/wp-content\/uploads\/2025\/01\/SYP_white-background_web-res_72ppi_2500px_long-edge_05-scaled.jpg","datePublished":"2025-01-02T07:15:20+00:00","description":"La SYP Margarita est compos\u00e9e de tequila de qualit\u00e9 sup\u00e9rieure, de jus de citron vert acidul\u00e9 et d'une touche de liqueur d'orange. Elle est servie sur de la glace avec un bord sal\u00e9 pour une touche de saveur parfaite.","breadcrumb":{"@id":"https:\/\/syp-drinks.com\/fr\/produit\/margarita\/#breadcrumb"},"inLanguage":"fr-FR","potentialAction":[{"@type":"ReadAction","target":["https:\/\/syp-drinks.com\/fr\/produit\/margarita\/"]}]},{"@type":"ImageObject","inLanguage":"fr-FR","@id":"https:\/\/syp-drinks.com\/fr\/produit\/margarita\/#primaryimage","url":"https:\/\/syp-drinks.com\/wp-content\/uploads\/2025\/01\/SYP_white-background_web-res_72ppi_2500px_long-edge_05-scaled.jpg","contentUrl":"https:\/\/syp-drinks.com\/wp-content\/uploads\/2025\/01\/SYP_white-background_web-res_72ppi_2500px_long-edge_05-scaled.jpg","width":1638,"height":2048},{"@type":"BreadcrumbList","@id":"https:\/\/syp-drinks.com\/fr\/produit\/margarita\/#breadcrumb","itemListElement":[{"@type":"ListItem","position":1,"name":"Home","item":"https:\/\/syp-drinks.com\/fr\/"},{"@type":"ListItem","position":2,"name":"Boutique","item":"https:\/\/syp-drinks.com\/fr\/boutique\/"},{"@type":"ListItem","position":3,"name":"Margarita"}]},{"@type":"WebSite","@id":"https:\/\/syp-drinks.com\/fr\/#website","url":"https:\/\/syp-drinks.com\/fr\/","name":"SYP Drinks","description":"SYP Drinks","publisher":{"@id":"https:\/\/syp-drinks.com\/fr\/#organization"},"potentialAction":[{"@type":"SearchAction","target":{"@type":"EntryPoint","urlTemplate":"https:\/\/syp-drinks.com\/fr\/?s={search_term_string}"},"query-input":{"@type":"PropertyValueSpecification","valueRequired":true,"valueName":"search_term_string"}}],"inLanguage":"fr-FR"},{"@type":"Organization","@id":"https:\/\/syp-drinks.com\/fr\/#organization","name":"SYP Drinks","url":"https:\/\/syp-drinks.com\/fr\/","logo":{"@type":"ImageObject","inLanguage":"fr-FR","@id":"https:\/\/syp-drinks.com\/fr\/#\/schema\/logo\/image\/","url":"https:\/\/syp-drinks.com\/wp-content\/uploads\/2022\/09\/cropped-logoSYP400x400.jpeg","contentUrl":"https:\/\/syp-drinks.com\/wp-content\/uploads\/2022\/09\/cropped-logoSYP400x400.jpeg","width":400,"height":218,"caption":"SYP Drinks"},"image":{"@id":"https:\/\/syp-drinks.com\/fr\/#\/schema\/logo\/image\/"},"sameAs":["https:\/\/www.instagram.com\/syp_drinks\/?hl=en","https:\/\/www.instagram.com\/syp_drinks"]}]}},"jetpack_sharing_enabled":true,"_links":{"self":[{"href":"https:\/\/syp-drinks.com\/fr\/wp-json\/wp\/v2\/product\/10748","targetHints":{"allow":["GET"]}}],"collection":[{"href":"https:\/\/syp-drinks.com\/fr\/wp-json\/wp\/v2\/product"}],"about":[{"href":"https:\/\/syp-drinks.com\/fr\/wp-json\/wp\/v2\/types\/product"}],"replies":[{"embeddable":true,"href":"https:\/\/syp-drinks.com\/fr\/wp-json\/wp\/v2\/comments?post=10748"}],"wp:featuredmedia":[{"embeddable":true,"href":"https:\/\/syp-drinks.com\/fr\/wp-json\/wp\/v2\/media\/10708"}],"wp:attachment":[{"href":"https:\/\/syp-drinks.com\/fr\/wp-json\/wp\/v2\/media?parent=10748"}],"wp:term":[{"taxonomy":"product_brand","embeddable":true,"href":"https:\/\/syp-drinks.com\/fr\/wp-json\/wp\/v2\/product_brand?post=10748"},{"taxonomy":"product_cat","embeddable":true,"href":"https:\/\/syp-drinks.com\/fr\/wp-json\/wp\/v2\/product_cat?post=10748"},{"taxonomy":"product_tag","embeddable":true,"href":"https:\/\/syp-drinks.com\/fr\/wp-json\/wp\/v2\/product_tag?post=10748"}],"curies":[{"name":"wp","href":"https:\/\/api.w.org\/{rel}","templated":true}]}}