{"id":8096,"date":"2023-01-19T10:12:44","date_gmt":"2023-01-19T10:12:44","guid":{"rendered":"https:\/\/syp-drinks.com\/?post_type=product&#038;p=8096"},"modified":"2023-01-24T04:35:32","modified_gmt":"2023-01-24T04:35:32","slug":"boissons-syp-daiquiri-a-la-mangue","status":"publish","type":"product","link":"https:\/\/syp-drinks.com\/fr\/produit\/boissons-syp-daiquiri-a-la-mangue\/","title":{"rendered":"Boissons SYP Daiquiri \u00e0 la mangue"},"content":{"rendered":"<pre id=\"tw-target-text\" class=\"tw-data-text tw-text-large tw-ta\" dir=\"ltr\" data-placeholder=\"Translation\"><span class=\"Y2IQFc\" lang=\"fr\">Le go\u00fbt de l'\u00e9t\u00e9 !\r\nNotre daiquiri \u00e0 la mangue, un m\u00e9lange de jus de mangue frais, de rhum blanc et de citron vert est aussi bon que possible. Succulent et fid\u00e8le au fruit, nous pensons que vous vous sentirez comme \u00e0 Cuba.<\/span><\/pre>\n","protected":false},"excerpt":{"rendered":"<p>Le go\u00fbt de l&rsquo;\u00e9t\u00e9 ! Notre daiquiri \u00e0 la mangue, un m\u00e9lange de jus de mangue frais, de rhum blanc et de citron vert est aussi bon que possible. Succulent et fid\u00e8le au fruit, nous pensons que vous vous sentirez comme \u00e0 Cuba.<\/p>\n","protected":false},"featured_media":8512,"comment_status":"closed","ping_status":"closed","template":"","meta":[],"product_brand":[],"product_cat":[61],"product_tag":[],"class_list":{"0":"post-8096","1":"product","2":"type-product","3":"status-publish","4":"has-post-thumbnail","6":"product_cat-cocktails-classiques","8":"first","9":"outofstock","10":"taxable","11":"shipping-taxable","12":"purchasable","13":"product-type-simple"},"yoast_head":"<!-- This site is optimized with the Yoast SEO Premium plugin v23.7 (Yoast SEO v27.1.1) - https:\/\/yoast.com\/product\/yoast-seo-premium-wordpress\/ -->\n<title>Boissons SYP Daiquiri \u00e0 la mangue - SYP Drinks<\/title>\n<meta name=\"robots\" content=\"index, follow, max-snippet:-1, max-image-preview:large, max-video-preview:-1\" \/>\n<link rel=\"canonical\" href=\"https:\/\/syp-drinks.com\/fr\/produit\/boissons-syp-daiquiri-a-la-mangue\/\" \/>\n<meta property=\"og:locale\" content=\"fr_FR\" \/>\n<meta property=\"og:type\" content=\"article\" \/>\n<meta property=\"og:title\" content=\"Boissons SYP Daiquiri \u00e0 la mangue\" \/>\n<meta property=\"og:description\" content=\"Le go\u00fbt de l&#039;\u00e9t\u00e9 ! Notre daiquiri \u00e0 la mangue, un m\u00e9lange de jus de mangue frais, de rhum blanc et de citron vert est aussi bon que possible. Succulent et fid\u00e8le au fruit, nous pensons que vous vous sentirez comme \u00e0 Cuba.\" \/>\n<meta property=\"og:url\" content=\"https:\/\/syp-drinks.com\/fr\/produit\/boissons-syp-daiquiri-a-la-mangue\/\" \/>\n<meta property=\"og:site_name\" content=\"SYP Drinks\" \/>\n<meta property=\"article:publisher\" content=\"https:\/\/www.instagram.com\/syp_drinks\/?hl=en\" \/>\n<meta property=\"article:modified_time\" content=\"2023-01-24T04:35:32+00:00\" \/>\n<meta property=\"og:image\" content=\"https:\/\/syp-drinks.com\/wp-content\/uploads\/2023\/01\/SYP_white-background_web-res_72ppi_2500px_long-edge_01-1.jpg\" \/>\n\t<meta property=\"og:image:width\" content=\"2000\" \/>\n\t<meta property=\"og:image:height\" content=\"2500\" \/>\n\t<meta property=\"og:image:type\" content=\"image\/jpeg\" \/>\n<meta name=\"twitter:card\" content=\"summary_large_image\" \/>\n<script type=\"application\/ld+json\" class=\"yoast-schema-graph\">{\"@context\":\"https:\/\/schema.org\",\"@graph\":[{\"@type\":\"WebPage\",\"@id\":\"https:\/\/syp-drinks.com\/fr\/produit\/boissons-syp-daiquiri-a-la-mangue\/\",\"url\":\"https:\/\/syp-drinks.com\/fr\/produit\/boissons-syp-daiquiri-a-la-mangue\/\",\"name\":\"Boissons SYP Daiquiri \u00e0 la mangue - SYP Drinks\",\"isPartOf\":{\"@id\":\"https:\/\/syp-drinks.com\/fr\/#website\"},\"primaryImageOfPage\":{\"@id\":\"https:\/\/syp-drinks.com\/fr\/produit\/boissons-syp-daiquiri-a-la-mangue\/#primaryimage\"},\"image\":{\"@id\":\"https:\/\/syp-drinks.com\/fr\/produit\/boissons-syp-daiquiri-a-la-mangue\/#primaryimage\"},\"thumbnailUrl\":\"https:\/\/syp-drinks.com\/wp-content\/uploads\/2023\/01\/SYP_white-background_web-res_72ppi_2500px_long-edge_01-1.jpg\",\"datePublished\":\"2023-01-19T10:12:44+00:00\",\"dateModified\":\"2023-01-24T04:35:32+00:00\",\"breadcrumb\":{\"@id\":\"https:\/\/syp-drinks.com\/fr\/produit\/boissons-syp-daiquiri-a-la-mangue\/#breadcrumb\"},\"inLanguage\":\"fr-FR\",\"potentialAction\":[{\"@type\":\"ReadAction\",\"target\":[\"https:\/\/syp-drinks.com\/fr\/produit\/boissons-syp-daiquiri-a-la-mangue\/\"]}]},{\"@type\":\"ImageObject\",\"inLanguage\":\"fr-FR\",\"@id\":\"https:\/\/syp-drinks.com\/fr\/produit\/boissons-syp-daiquiri-a-la-mangue\/#primaryimage\",\"url\":\"https:\/\/syp-drinks.com\/wp-content\/uploads\/2023\/01\/SYP_white-background_web-res_72ppi_2500px_long-edge_01-1.jpg\",\"contentUrl\":\"https:\/\/syp-drinks.com\/wp-content\/uploads\/2023\/01\/SYP_white-background_web-res_72ppi_2500px_long-edge_01-1.jpg\",\"width\":2000,\"height\":2500,\"caption\":\"SYP Drinks Mango Daiquiri\"},{\"@type\":\"BreadcrumbList\",\"@id\":\"https:\/\/syp-drinks.com\/fr\/produit\/boissons-syp-daiquiri-a-la-mangue\/#breadcrumb\",\"itemListElement\":[{\"@type\":\"ListItem\",\"position\":1,\"name\":\"Home\",\"item\":\"https:\/\/syp-drinks.com\/fr\/\"},{\"@type\":\"ListItem\",\"position\":2,\"name\":\"Boutique\",\"item\":\"https:\/\/syp-drinks.com\/fr\/boutique\/\"},{\"@type\":\"ListItem\",\"position\":3,\"name\":\"Boissons SYP Daiquiri \u00e0 la mangue\"}]},{\"@type\":\"WebSite\",\"@id\":\"https:\/\/syp-drinks.com\/fr\/#website\",\"url\":\"https:\/\/syp-drinks.com\/fr\/\",\"name\":\"SYP Drinks\",\"description\":\"SYP Drinks\",\"publisher\":{\"@id\":\"https:\/\/syp-drinks.com\/fr\/#organization\"},\"potentialAction\":[{\"@type\":\"SearchAction\",\"target\":{\"@type\":\"EntryPoint\",\"urlTemplate\":\"https:\/\/syp-drinks.com\/fr\/?s={search_term_string}\"},\"query-input\":{\"@type\":\"PropertyValueSpecification\",\"valueRequired\":true,\"valueName\":\"search_term_string\"}}],\"inLanguage\":\"fr-FR\"},{\"@type\":\"Organization\",\"@id\":\"https:\/\/syp-drinks.com\/fr\/#organization\",\"name\":\"SYP Drinks\",\"url\":\"https:\/\/syp-drinks.com\/fr\/\",\"logo\":{\"@type\":\"ImageObject\",\"inLanguage\":\"fr-FR\",\"@id\":\"https:\/\/syp-drinks.com\/fr\/#\/schema\/logo\/image\/\",\"url\":\"https:\/\/syp-drinks.com\/wp-content\/uploads\/2022\/09\/cropped-logoSYP400x400.jpeg\",\"contentUrl\":\"https:\/\/syp-drinks.com\/wp-content\/uploads\/2022\/09\/cropped-logoSYP400x400.jpeg\",\"width\":400,\"height\":218,\"caption\":\"SYP Drinks\"},\"image\":{\"@id\":\"https:\/\/syp-drinks.com\/fr\/#\/schema\/logo\/image\/\"},\"sameAs\":[\"https:\/\/www.instagram.com\/syp_drinks\/?hl=en\",\"https:\/\/www.instagram.com\/syp_drinks\"]}]}<\/script>\n<!-- \/ Yoast SEO Premium plugin. -->","yoast_head_json":{"title":"Boissons SYP Daiquiri \u00e0 la mangue - SYP Drinks","robots":{"index":"index","follow":"follow","max-snippet":"max-snippet:-1","max-image-preview":"max-image-preview:large","max-video-preview":"max-video-preview:-1"},"canonical":"https:\/\/syp-drinks.com\/fr\/produit\/boissons-syp-daiquiri-a-la-mangue\/","og_locale":"fr_FR","og_type":"article","og_title":"Boissons SYP Daiquiri \u00e0 la mangue","og_description":"Le go\u00fbt de l'\u00e9t\u00e9 ! Notre daiquiri \u00e0 la mangue, un m\u00e9lange de jus de mangue frais, de rhum blanc et de citron vert est aussi bon que possible. Succulent et fid\u00e8le au fruit, nous pensons que vous vous sentirez comme \u00e0 Cuba.","og_url":"https:\/\/syp-drinks.com\/fr\/produit\/boissons-syp-daiquiri-a-la-mangue\/","og_site_name":"SYP Drinks","article_publisher":"https:\/\/www.instagram.com\/syp_drinks\/?hl=en","article_modified_time":"2023-01-24T04:35:32+00:00","og_image":[{"width":2000,"height":2500,"url":"https:\/\/syp-drinks.com\/wp-content\/uploads\/2023\/01\/SYP_white-background_web-res_72ppi_2500px_long-edge_01-1.jpg","type":"image\/jpeg"}],"twitter_card":"summary_large_image","schema":{"@context":"https:\/\/schema.org","@graph":[{"@type":"WebPage","@id":"https:\/\/syp-drinks.com\/fr\/produit\/boissons-syp-daiquiri-a-la-mangue\/","url":"https:\/\/syp-drinks.com\/fr\/produit\/boissons-syp-daiquiri-a-la-mangue\/","name":"Boissons SYP Daiquiri \u00e0 la mangue - SYP Drinks","isPartOf":{"@id":"https:\/\/syp-drinks.com\/fr\/#website"},"primaryImageOfPage":{"@id":"https:\/\/syp-drinks.com\/fr\/produit\/boissons-syp-daiquiri-a-la-mangue\/#primaryimage"},"image":{"@id":"https:\/\/syp-drinks.com\/fr\/produit\/boissons-syp-daiquiri-a-la-mangue\/#primaryimage"},"thumbnailUrl":"https:\/\/syp-drinks.com\/wp-content\/uploads\/2023\/01\/SYP_white-background_web-res_72ppi_2500px_long-edge_01-1.jpg","datePublished":"2023-01-19T10:12:44+00:00","dateModified":"2023-01-24T04:35:32+00:00","breadcrumb":{"@id":"https:\/\/syp-drinks.com\/fr\/produit\/boissons-syp-daiquiri-a-la-mangue\/#breadcrumb"},"inLanguage":"fr-FR","potentialAction":[{"@type":"ReadAction","target":["https:\/\/syp-drinks.com\/fr\/produit\/boissons-syp-daiquiri-a-la-mangue\/"]}]},{"@type":"ImageObject","inLanguage":"fr-FR","@id":"https:\/\/syp-drinks.com\/fr\/produit\/boissons-syp-daiquiri-a-la-mangue\/#primaryimage","url":"https:\/\/syp-drinks.com\/wp-content\/uploads\/2023\/01\/SYP_white-background_web-res_72ppi_2500px_long-edge_01-1.jpg","contentUrl":"https:\/\/syp-drinks.com\/wp-content\/uploads\/2023\/01\/SYP_white-background_web-res_72ppi_2500px_long-edge_01-1.jpg","width":2000,"height":2500,"caption":"SYP Drinks Mango Daiquiri"},{"@type":"BreadcrumbList","@id":"https:\/\/syp-drinks.com\/fr\/produit\/boissons-syp-daiquiri-a-la-mangue\/#breadcrumb","itemListElement":[{"@type":"ListItem","position":1,"name":"Home","item":"https:\/\/syp-drinks.com\/fr\/"},{"@type":"ListItem","position":2,"name":"Boutique","item":"https:\/\/syp-drinks.com\/fr\/boutique\/"},{"@type":"ListItem","position":3,"name":"Boissons SYP Daiquiri \u00e0 la mangue"}]},{"@type":"WebSite","@id":"https:\/\/syp-drinks.com\/fr\/#website","url":"https:\/\/syp-drinks.com\/fr\/","name":"SYP Drinks","description":"SYP Drinks","publisher":{"@id":"https:\/\/syp-drinks.com\/fr\/#organization"},"potentialAction":[{"@type":"SearchAction","target":{"@type":"EntryPoint","urlTemplate":"https:\/\/syp-drinks.com\/fr\/?s={search_term_string}"},"query-input":{"@type":"PropertyValueSpecification","valueRequired":true,"valueName":"search_term_string"}}],"inLanguage":"fr-FR"},{"@type":"Organization","@id":"https:\/\/syp-drinks.com\/fr\/#organization","name":"SYP Drinks","url":"https:\/\/syp-drinks.com\/fr\/","logo":{"@type":"ImageObject","inLanguage":"fr-FR","@id":"https:\/\/syp-drinks.com\/fr\/#\/schema\/logo\/image\/","url":"https:\/\/syp-drinks.com\/wp-content\/uploads\/2022\/09\/cropped-logoSYP400x400.jpeg","contentUrl":"https:\/\/syp-drinks.com\/wp-content\/uploads\/2022\/09\/cropped-logoSYP400x400.jpeg","width":400,"height":218,"caption":"SYP Drinks"},"image":{"@id":"https:\/\/syp-drinks.com\/fr\/#\/schema\/logo\/image\/"},"sameAs":["https:\/\/www.instagram.com\/syp_drinks\/?hl=en","https:\/\/www.instagram.com\/syp_drinks"]}]}},"jetpack_sharing_enabled":true,"_links":{"self":[{"href":"https:\/\/syp-drinks.com\/fr\/wp-json\/wp\/v2\/product\/8096","targetHints":{"allow":["GET"]}}],"collection":[{"href":"https:\/\/syp-drinks.com\/fr\/wp-json\/wp\/v2\/product"}],"about":[{"href":"https:\/\/syp-drinks.com\/fr\/wp-json\/wp\/v2\/types\/product"}],"replies":[{"embeddable":true,"href":"https:\/\/syp-drinks.com\/fr\/wp-json\/wp\/v2\/comments?post=8096"}],"wp:featuredmedia":[{"embeddable":true,"href":"https:\/\/syp-drinks.com\/fr\/wp-json\/wp\/v2\/media\/8512"}],"wp:attachment":[{"href":"https:\/\/syp-drinks.com\/fr\/wp-json\/wp\/v2\/media?parent=8096"}],"wp:term":[{"taxonomy":"product_brand","embeddable":true,"href":"https:\/\/syp-drinks.com\/fr\/wp-json\/wp\/v2\/product_brand?post=8096"},{"taxonomy":"product_cat","embeddable":true,"href":"https:\/\/syp-drinks.com\/fr\/wp-json\/wp\/v2\/product_cat?post=8096"},{"taxonomy":"product_tag","embeddable":true,"href":"https:\/\/syp-drinks.com\/fr\/wp-json\/wp\/v2\/product_tag?post=8096"}],"curies":[{"name":"wp","href":"https:\/\/api.w.org\/{rel}","templated":true}]}}