{"id":8134,"date":"2023-01-19T11:16:51","date_gmt":"2023-01-19T11:16:51","guid":{"rendered":"https:\/\/syp-drinks.com\/?post_type=product&#038;p=8134"},"modified":"2023-01-24T04:30:13","modified_gmt":"2023-01-24T04:30:13","slug":"syp-boit-a-lancienne","status":"publish","type":"product","link":"https:\/\/syp-drinks.com\/fr\/produit\/syp-boit-a-lancienne\/","title":{"rendered":"SYP boit \u00e0 l&rsquo;ancienne"},"content":{"rendered":"","protected":false},"excerpt":{"rendered":"<pre id=\"tw-target-text\" class=\"tw-data-text tw-text-large tw-ta\" dir=\"ltr\" data-placeholder=\"Translation\"><span class=\"Y2IQFc\" lang=\"fr\">Vous ne pouvez pas obtenir plus classique qu'un Old Fashioned classique. Pourquoi \u00e0 l'ancienne ? C'est boire \u00e0 l'ancienne. Esprit brun, sucre, amers et eau. Cette humble concoction de quatre ingr\u00e9dients est litt\u00e9ralement le cocktail par lequel tout a commenc\u00e9. Nous avons pris le bourbon d\u00e8s la source de son origine. Cr\u00e9\u00e9 par deux fr\u00e8res fran\u00e7ais, le dark spirit est n\u00e9 \u00e0 la fronti\u00e8re am\u00e9ricaine et a grandi sur Madison Avenue (via le Kentucky). Notre boisson, riche et sombre et qui vaut la peine d'\u00eatre savour\u00e9e \u00e0 chaque bouch\u00e9e plaira m\u00eame aux connaisseurs les plus fid\u00e8les et les plus anciens.<\/span><\/pre>\n","protected":false},"featured_media":8516,"comment_status":"closed","ping_status":"closed","template":"","meta":[],"product_brand":[],"product_cat":[61],"product_tag":[],"class_list":{"0":"post-8134","1":"product","2":"type-product","3":"status-publish","4":"has-post-thumbnail","6":"product_cat-cocktails-classiques","8":"first","9":"outofstock","10":"taxable","11":"shipping-taxable","12":"purchasable","13":"product-type-simple"},"yoast_head":"<!-- This site is optimized with the Yoast SEO Premium plugin v23.7 (Yoast SEO v27.1.1) - https:\/\/yoast.com\/product\/yoast-seo-premium-wordpress\/ -->\n<title>SYP boit \u00e0 l&#039;ancienne - SYP Drinks<\/title>\n<meta name=\"robots\" content=\"index, follow, max-snippet:-1, max-image-preview:large, max-video-preview:-1\" \/>\n<link rel=\"canonical\" href=\"https:\/\/syp-drinks.com\/fr\/produit\/syp-boit-a-lancienne\/\" \/>\n<meta property=\"og:locale\" content=\"fr_FR\" \/>\n<meta property=\"og:type\" content=\"article\" \/>\n<meta property=\"og:title\" content=\"SYP boit \u00e0 l&#039;ancienne\" \/>\n<meta property=\"og:description\" content=\"Vous ne pouvez pas obtenir plus classique qu&#039;un Old Fashioned classique. Pourquoi \u00e0 l&#039;ancienne ? C&#039;est boire \u00e0 l&#039;ancienne. Esprit brun, sucre, amers et eau. Cette humble concoction de quatre ingr\u00e9dients est litt\u00e9ralement le cocktail par lequel tout a commenc\u00e9. Nous avons pris le bourbon d\u00e8s la source de son origine. Cr\u00e9\u00e9 par deux fr\u00e8res fran\u00e7ais, le dark spirit est n\u00e9 \u00e0 la fronti\u00e8re am\u00e9ricaine et a grandi sur Madison Avenue (via le Kentucky). Notre boisson, riche et sombre et qui vaut la peine d&#039;\u00eatre savour\u00e9e \u00e0 chaque bouch\u00e9e plaira m\u00eame aux connaisseurs les plus fid\u00e8les et les plus anciens.\" \/>\n<meta property=\"og:url\" content=\"https:\/\/syp-drinks.com\/fr\/produit\/syp-boit-a-lancienne\/\" \/>\n<meta property=\"og:site_name\" content=\"SYP Drinks\" \/>\n<meta property=\"article:publisher\" content=\"https:\/\/www.instagram.com\/syp_drinks\/?hl=en\" \/>\n<meta property=\"article:modified_time\" content=\"2023-01-24T04:30:13+00:00\" \/>\n<meta property=\"og:image\" content=\"https:\/\/syp-drinks.com\/wp-content\/uploads\/2023\/01\/SYP_white-background_web-res_72ppi_2500px_long-edge_02-1.jpg\" \/>\n\t<meta property=\"og:image:width\" content=\"2000\" \/>\n\t<meta property=\"og:image:height\" content=\"2500\" \/>\n\t<meta property=\"og:image:type\" content=\"image\/jpeg\" \/>\n<meta name=\"twitter:card\" content=\"summary_large_image\" \/>\n<script type=\"application\/ld+json\" class=\"yoast-schema-graph\">{\"@context\":\"https:\/\/schema.org\",\"@graph\":[{\"@type\":\"WebPage\",\"@id\":\"https:\/\/syp-drinks.com\/fr\/produit\/syp-boit-a-lancienne\/\",\"url\":\"https:\/\/syp-drinks.com\/fr\/produit\/syp-boit-a-lancienne\/\",\"name\":\"SYP boit \u00e0 l'ancienne - SYP Drinks\",\"isPartOf\":{\"@id\":\"https:\/\/syp-drinks.com\/fr\/#website\"},\"primaryImageOfPage\":{\"@id\":\"https:\/\/syp-drinks.com\/fr\/produit\/syp-boit-a-lancienne\/#primaryimage\"},\"image\":{\"@id\":\"https:\/\/syp-drinks.com\/fr\/produit\/syp-boit-a-lancienne\/#primaryimage\"},\"thumbnailUrl\":\"https:\/\/syp-drinks.com\/wp-content\/uploads\/2023\/01\/SYP_white-background_web-res_72ppi_2500px_long-edge_02-1.jpg\",\"datePublished\":\"2023-01-19T11:16:51+00:00\",\"dateModified\":\"2023-01-24T04:30:13+00:00\",\"breadcrumb\":{\"@id\":\"https:\/\/syp-drinks.com\/fr\/produit\/syp-boit-a-lancienne\/#breadcrumb\"},\"inLanguage\":\"fr-FR\",\"potentialAction\":[{\"@type\":\"ReadAction\",\"target\":[\"https:\/\/syp-drinks.com\/fr\/produit\/syp-boit-a-lancienne\/\"]}]},{\"@type\":\"ImageObject\",\"inLanguage\":\"fr-FR\",\"@id\":\"https:\/\/syp-drinks.com\/fr\/produit\/syp-boit-a-lancienne\/#primaryimage\",\"url\":\"https:\/\/syp-drinks.com\/wp-content\/uploads\/2023\/01\/SYP_white-background_web-res_72ppi_2500px_long-edge_02-1.jpg\",\"contentUrl\":\"https:\/\/syp-drinks.com\/wp-content\/uploads\/2023\/01\/SYP_white-background_web-res_72ppi_2500px_long-edge_02-1.jpg\",\"width\":2000,\"height\":2500,\"caption\":\"SYP Drinks Old Fashioned\"},{\"@type\":\"BreadcrumbList\",\"@id\":\"https:\/\/syp-drinks.com\/fr\/produit\/syp-boit-a-lancienne\/#breadcrumb\",\"itemListElement\":[{\"@type\":\"ListItem\",\"position\":1,\"name\":\"Home\",\"item\":\"https:\/\/syp-drinks.com\/fr\/\"},{\"@type\":\"ListItem\",\"position\":2,\"name\":\"Boutique\",\"item\":\"https:\/\/syp-drinks.com\/fr\/boutique\/\"},{\"@type\":\"ListItem\",\"position\":3,\"name\":\"SYP boit \u00e0 l&rsquo;ancienne\"}]},{\"@type\":\"WebSite\",\"@id\":\"https:\/\/syp-drinks.com\/fr\/#website\",\"url\":\"https:\/\/syp-drinks.com\/fr\/\",\"name\":\"SYP Drinks\",\"description\":\"SYP Drinks\",\"publisher\":{\"@id\":\"https:\/\/syp-drinks.com\/fr\/#organization\"},\"potentialAction\":[{\"@type\":\"SearchAction\",\"target\":{\"@type\":\"EntryPoint\",\"urlTemplate\":\"https:\/\/syp-drinks.com\/fr\/?s={search_term_string}\"},\"query-input\":{\"@type\":\"PropertyValueSpecification\",\"valueRequired\":true,\"valueName\":\"search_term_string\"}}],\"inLanguage\":\"fr-FR\"},{\"@type\":\"Organization\",\"@id\":\"https:\/\/syp-drinks.com\/fr\/#organization\",\"name\":\"SYP Drinks\",\"url\":\"https:\/\/syp-drinks.com\/fr\/\",\"logo\":{\"@type\":\"ImageObject\",\"inLanguage\":\"fr-FR\",\"@id\":\"https:\/\/syp-drinks.com\/fr\/#\/schema\/logo\/image\/\",\"url\":\"https:\/\/syp-drinks.com\/wp-content\/uploads\/2022\/09\/cropped-logoSYP400x400.jpeg\",\"contentUrl\":\"https:\/\/syp-drinks.com\/wp-content\/uploads\/2022\/09\/cropped-logoSYP400x400.jpeg\",\"width\":400,\"height\":218,\"caption\":\"SYP Drinks\"},\"image\":{\"@id\":\"https:\/\/syp-drinks.com\/fr\/#\/schema\/logo\/image\/\"},\"sameAs\":[\"https:\/\/www.instagram.com\/syp_drinks\/?hl=en\",\"https:\/\/www.instagram.com\/syp_drinks\"]}]}<\/script>\n<!-- \/ Yoast SEO Premium plugin. -->","yoast_head_json":{"title":"SYP boit \u00e0 l'ancienne - SYP Drinks","robots":{"index":"index","follow":"follow","max-snippet":"max-snippet:-1","max-image-preview":"max-image-preview:large","max-video-preview":"max-video-preview:-1"},"canonical":"https:\/\/syp-drinks.com\/fr\/produit\/syp-boit-a-lancienne\/","og_locale":"fr_FR","og_type":"article","og_title":"SYP boit \u00e0 l'ancienne","og_description":"Vous ne pouvez pas obtenir plus classique qu'un Old Fashioned classique. Pourquoi \u00e0 l'ancienne ? C'est boire \u00e0 l'ancienne. Esprit brun, sucre, amers et eau. Cette humble concoction de quatre ingr\u00e9dients est litt\u00e9ralement le cocktail par lequel tout a commenc\u00e9. Nous avons pris le bourbon d\u00e8s la source de son origine. Cr\u00e9\u00e9 par deux fr\u00e8res fran\u00e7ais, le dark spirit est n\u00e9 \u00e0 la fronti\u00e8re am\u00e9ricaine et a grandi sur Madison Avenue (via le Kentucky). Notre boisson, riche et sombre et qui vaut la peine d'\u00eatre savour\u00e9e \u00e0 chaque bouch\u00e9e plaira m\u00eame aux connaisseurs les plus fid\u00e8les et les plus anciens.","og_url":"https:\/\/syp-drinks.com\/fr\/produit\/syp-boit-a-lancienne\/","og_site_name":"SYP Drinks","article_publisher":"https:\/\/www.instagram.com\/syp_drinks\/?hl=en","article_modified_time":"2023-01-24T04:30:13+00:00","og_image":[{"width":2000,"height":2500,"url":"https:\/\/syp-drinks.com\/wp-content\/uploads\/2023\/01\/SYP_white-background_web-res_72ppi_2500px_long-edge_02-1.jpg","type":"image\/jpeg"}],"twitter_card":"summary_large_image","schema":{"@context":"https:\/\/schema.org","@graph":[{"@type":"WebPage","@id":"https:\/\/syp-drinks.com\/fr\/produit\/syp-boit-a-lancienne\/","url":"https:\/\/syp-drinks.com\/fr\/produit\/syp-boit-a-lancienne\/","name":"SYP boit \u00e0 l'ancienne - SYP Drinks","isPartOf":{"@id":"https:\/\/syp-drinks.com\/fr\/#website"},"primaryImageOfPage":{"@id":"https:\/\/syp-drinks.com\/fr\/produit\/syp-boit-a-lancienne\/#primaryimage"},"image":{"@id":"https:\/\/syp-drinks.com\/fr\/produit\/syp-boit-a-lancienne\/#primaryimage"},"thumbnailUrl":"https:\/\/syp-drinks.com\/wp-content\/uploads\/2023\/01\/SYP_white-background_web-res_72ppi_2500px_long-edge_02-1.jpg","datePublished":"2023-01-19T11:16:51+00:00","dateModified":"2023-01-24T04:30:13+00:00","breadcrumb":{"@id":"https:\/\/syp-drinks.com\/fr\/produit\/syp-boit-a-lancienne\/#breadcrumb"},"inLanguage":"fr-FR","potentialAction":[{"@type":"ReadAction","target":["https:\/\/syp-drinks.com\/fr\/produit\/syp-boit-a-lancienne\/"]}]},{"@type":"ImageObject","inLanguage":"fr-FR","@id":"https:\/\/syp-drinks.com\/fr\/produit\/syp-boit-a-lancienne\/#primaryimage","url":"https:\/\/syp-drinks.com\/wp-content\/uploads\/2023\/01\/SYP_white-background_web-res_72ppi_2500px_long-edge_02-1.jpg","contentUrl":"https:\/\/syp-drinks.com\/wp-content\/uploads\/2023\/01\/SYP_white-background_web-res_72ppi_2500px_long-edge_02-1.jpg","width":2000,"height":2500,"caption":"SYP Drinks Old Fashioned"},{"@type":"BreadcrumbList","@id":"https:\/\/syp-drinks.com\/fr\/produit\/syp-boit-a-lancienne\/#breadcrumb","itemListElement":[{"@type":"ListItem","position":1,"name":"Home","item":"https:\/\/syp-drinks.com\/fr\/"},{"@type":"ListItem","position":2,"name":"Boutique","item":"https:\/\/syp-drinks.com\/fr\/boutique\/"},{"@type":"ListItem","position":3,"name":"SYP boit \u00e0 l&rsquo;ancienne"}]},{"@type":"WebSite","@id":"https:\/\/syp-drinks.com\/fr\/#website","url":"https:\/\/syp-drinks.com\/fr\/","name":"SYP Drinks","description":"SYP Drinks","publisher":{"@id":"https:\/\/syp-drinks.com\/fr\/#organization"},"potentialAction":[{"@type":"SearchAction","target":{"@type":"EntryPoint","urlTemplate":"https:\/\/syp-drinks.com\/fr\/?s={search_term_string}"},"query-input":{"@type":"PropertyValueSpecification","valueRequired":true,"valueName":"search_term_string"}}],"inLanguage":"fr-FR"},{"@type":"Organization","@id":"https:\/\/syp-drinks.com\/fr\/#organization","name":"SYP Drinks","url":"https:\/\/syp-drinks.com\/fr\/","logo":{"@type":"ImageObject","inLanguage":"fr-FR","@id":"https:\/\/syp-drinks.com\/fr\/#\/schema\/logo\/image\/","url":"https:\/\/syp-drinks.com\/wp-content\/uploads\/2022\/09\/cropped-logoSYP400x400.jpeg","contentUrl":"https:\/\/syp-drinks.com\/wp-content\/uploads\/2022\/09\/cropped-logoSYP400x400.jpeg","width":400,"height":218,"caption":"SYP Drinks"},"image":{"@id":"https:\/\/syp-drinks.com\/fr\/#\/schema\/logo\/image\/"},"sameAs":["https:\/\/www.instagram.com\/syp_drinks\/?hl=en","https:\/\/www.instagram.com\/syp_drinks"]}]}},"jetpack_sharing_enabled":true,"_links":{"self":[{"href":"https:\/\/syp-drinks.com\/fr\/wp-json\/wp\/v2\/product\/8134","targetHints":{"allow":["GET"]}}],"collection":[{"href":"https:\/\/syp-drinks.com\/fr\/wp-json\/wp\/v2\/product"}],"about":[{"href":"https:\/\/syp-drinks.com\/fr\/wp-json\/wp\/v2\/types\/product"}],"replies":[{"embeddable":true,"href":"https:\/\/syp-drinks.com\/fr\/wp-json\/wp\/v2\/comments?post=8134"}],"wp:featuredmedia":[{"embeddable":true,"href":"https:\/\/syp-drinks.com\/fr\/wp-json\/wp\/v2\/media\/8516"}],"wp:attachment":[{"href":"https:\/\/syp-drinks.com\/fr\/wp-json\/wp\/v2\/media?parent=8134"}],"wp:term":[{"taxonomy":"product_brand","embeddable":true,"href":"https:\/\/syp-drinks.com\/fr\/wp-json\/wp\/v2\/product_brand?post=8134"},{"taxonomy":"product_cat","embeddable":true,"href":"https:\/\/syp-drinks.com\/fr\/wp-json\/wp\/v2\/product_cat?post=8134"},{"taxonomy":"product_tag","embeddable":true,"href":"https:\/\/syp-drinks.com\/fr\/wp-json\/wp\/v2\/product_tag?post=8134"}],"curies":[{"name":"wp","href":"https:\/\/api.w.org\/{rel}","templated":true}]}}