{"id":8197,"date":"2023-01-20T02:54:11","date_gmt":"2023-01-20T02:54:11","guid":{"rendered":"https:\/\/syp-drinks.com\/?post_type=product&#038;p=8197"},"modified":"2023-01-24T05:05:15","modified_gmt":"2023-01-24T05:05:15","slug":"syp-beve-manhattan","status":"publish","type":"product","link":"https:\/\/syp-drinks.com\/it\/prodotto\/syp-beve-manhattan\/","title":{"rendered":"SYP Beve Manhattan"},"content":{"rendered":"","protected":false},"excerpt":{"rendered":"<pre id=\"tw-target-text\" class=\"tw-data-text tw-text-large tw-ta\" dir=\"ltr\" data-placeholder=\"Translation\"><span class=\"Y2IQFc\" lang=\"it\">\u00c8 piuttosto sorprendente come i cocktail pi\u00f9 classici siano anche i pi\u00f9 semplici. Chi avrebbe mai pensato che un sostanzioso bicchierino di whisky di segale, whisky canadese o bourbon con vermouth dolce e un pizzico di amaro sarebbe diventato e sarebbe rimasto un tale successo. Il SYP Manhattan \u00e8 fedele alla versione dolce: il vermouth dolce \u00e8 l'influencer chiave del sapore con un grande bourbon e amari americani. Dolce e salato, bere il nostro SYP Manhattan ti far\u00e0 sentire come se stessi camminando impettito lungo la Fifth Avenue il 4 luglio.<\/span><\/pre>\n","protected":false},"featured_media":8509,"comment_status":"closed","ping_status":"closed","template":"","meta":[],"product_brand":[],"product_cat":[],"product_tag":[],"class_list":{"0":"post-8197","1":"product","2":"type-product","3":"status-publish","4":"has-post-thumbnail","7":"first","8":"outofstock","9":"taxable","10":"shipping-taxable","11":"purchasable","12":"product-type-simple"},"yoast_head":"<!-- This site is optimized with the Yoast SEO Premium plugin v23.7 (Yoast SEO v27.1.1) - https:\/\/yoast.com\/product\/yoast-seo-premium-wordpress\/ -->\n<title>SYP Beve Manhattan - SYP Drinks<\/title>\n<meta name=\"robots\" content=\"index, follow, max-snippet:-1, max-image-preview:large, max-video-preview:-1\" \/>\n<link rel=\"canonical\" href=\"https:\/\/syp-drinks.com\/it\/prodotto\/syp-beve-manhattan\/\" \/>\n<meta property=\"og:locale\" content=\"it_IT\" \/>\n<meta property=\"og:type\" content=\"article\" \/>\n<meta property=\"og:title\" content=\"SYP Beve Manhattan\" \/>\n<meta property=\"og:description\" content=\"\u00c8 piuttosto sorprendente come i cocktail pi\u00f9 classici siano anche i pi\u00f9 semplici. Chi avrebbe mai pensato che un sostanzioso bicchierino di whisky di segale, whisky canadese o bourbon con vermouth dolce e un pizzico di amaro sarebbe diventato e sarebbe rimasto un tale successo. Il SYP Manhattan \u00e8 fedele alla versione dolce: il vermouth dolce \u00e8 l&#039;influencer chiave del sapore con un grande bourbon e amari americani. Dolce e salato, bere il nostro SYP Manhattan ti far\u00e0 sentire come se stessi camminando impettito lungo la Fifth Avenue il 4 luglio.\" \/>\n<meta property=\"og:url\" content=\"https:\/\/syp-drinks.com\/it\/prodotto\/syp-beve-manhattan\/\" \/>\n<meta property=\"og:site_name\" content=\"SYP Drinks\" \/>\n<meta property=\"article:publisher\" content=\"https:\/\/www.instagram.com\/syp_drinks\/?hl=en\" \/>\n<meta property=\"article:modified_time\" content=\"2023-01-24T05:05:15+00:00\" \/>\n<meta property=\"og:image\" content=\"https:\/\/syp-drinks.com\/wp-content\/uploads\/2023\/01\/SYP_white-background_web-res_72ppi_2500px_long-edge_09.jpg\" \/>\n\t<meta property=\"og:image:width\" content=\"2000\" \/>\n\t<meta property=\"og:image:height\" content=\"2500\" \/>\n\t<meta property=\"og:image:type\" content=\"image\/jpeg\" \/>\n<meta name=\"twitter:card\" content=\"summary_large_image\" \/>\n<script type=\"application\/ld+json\" class=\"yoast-schema-graph\">{\"@context\":\"https:\/\/schema.org\",\"@graph\":[{\"@type\":\"WebPage\",\"@id\":\"https:\/\/syp-drinks.com\/it\/prodotto\/syp-beve-manhattan\/\",\"url\":\"https:\/\/syp-drinks.com\/it\/prodotto\/syp-beve-manhattan\/\",\"name\":\"SYP Beve Manhattan - SYP Drinks\",\"isPartOf\":{\"@id\":\"https:\/\/syp-drinks.com\/it\/#website\"},\"primaryImageOfPage\":{\"@id\":\"https:\/\/syp-drinks.com\/it\/prodotto\/syp-beve-manhattan\/#primaryimage\"},\"image\":{\"@id\":\"https:\/\/syp-drinks.com\/it\/prodotto\/syp-beve-manhattan\/#primaryimage\"},\"thumbnailUrl\":\"https:\/\/syp-drinks.com\/wp-content\/uploads\/2023\/01\/SYP_white-background_web-res_72ppi_2500px_long-edge_09.jpg\",\"datePublished\":\"2023-01-20T02:54:11+00:00\",\"dateModified\":\"2023-01-24T05:05:15+00:00\",\"breadcrumb\":{\"@id\":\"https:\/\/syp-drinks.com\/it\/prodotto\/syp-beve-manhattan\/#breadcrumb\"},\"inLanguage\":\"it-IT\",\"potentialAction\":[{\"@type\":\"ReadAction\",\"target\":[\"https:\/\/syp-drinks.com\/it\/prodotto\/syp-beve-manhattan\/\"]}]},{\"@type\":\"ImageObject\",\"inLanguage\":\"it-IT\",\"@id\":\"https:\/\/syp-drinks.com\/it\/prodotto\/syp-beve-manhattan\/#primaryimage\",\"url\":\"https:\/\/syp-drinks.com\/wp-content\/uploads\/2023\/01\/SYP_white-background_web-res_72ppi_2500px_long-edge_09.jpg\",\"contentUrl\":\"https:\/\/syp-drinks.com\/wp-content\/uploads\/2023\/01\/SYP_white-background_web-res_72ppi_2500px_long-edge_09.jpg\",\"width\":2000,\"height\":2500,\"caption\":\"SYP Drinks Boulevardier\"},{\"@type\":\"BreadcrumbList\",\"@id\":\"https:\/\/syp-drinks.com\/it\/prodotto\/syp-beve-manhattan\/#breadcrumb\",\"itemListElement\":[{\"@type\":\"ListItem\",\"position\":1,\"name\":\"Home\",\"item\":\"https:\/\/syp-drinks.com\/it\/\"},{\"@type\":\"ListItem\",\"position\":2,\"name\":\"Shop\",\"item\":\"https:\/\/syp-drinks.com\/shop\/\"},{\"@type\":\"ListItem\",\"position\":3,\"name\":\"SYP Beve Manhattan\"}]},{\"@type\":\"WebSite\",\"@id\":\"https:\/\/syp-drinks.com\/it\/#website\",\"url\":\"https:\/\/syp-drinks.com\/it\/\",\"name\":\"SYP Drinks\",\"description\":\"SYP Drinks\",\"publisher\":{\"@id\":\"https:\/\/syp-drinks.com\/it\/#organization\"},\"potentialAction\":[{\"@type\":\"SearchAction\",\"target\":{\"@type\":\"EntryPoint\",\"urlTemplate\":\"https:\/\/syp-drinks.com\/it\/?s={search_term_string}\"},\"query-input\":{\"@type\":\"PropertyValueSpecification\",\"valueRequired\":true,\"valueName\":\"search_term_string\"}}],\"inLanguage\":\"it-IT\"},{\"@type\":\"Organization\",\"@id\":\"https:\/\/syp-drinks.com\/it\/#organization\",\"name\":\"SYP Drinks\",\"url\":\"https:\/\/syp-drinks.com\/it\/\",\"logo\":{\"@type\":\"ImageObject\",\"inLanguage\":\"it-IT\",\"@id\":\"https:\/\/syp-drinks.com\/it\/#\/schema\/logo\/image\/\",\"url\":\"https:\/\/syp-drinks.com\/wp-content\/uploads\/2022\/09\/cropped-logoSYP400x400.jpeg\",\"contentUrl\":\"https:\/\/syp-drinks.com\/wp-content\/uploads\/2022\/09\/cropped-logoSYP400x400.jpeg\",\"width\":400,\"height\":218,\"caption\":\"SYP Drinks\"},\"image\":{\"@id\":\"https:\/\/syp-drinks.com\/it\/#\/schema\/logo\/image\/\"},\"sameAs\":[\"https:\/\/www.instagram.com\/syp_drinks\/?hl=en\",\"https:\/\/www.instagram.com\/syp_drinks\"]}]}<\/script>\n<!-- \/ Yoast SEO Premium plugin. -->","yoast_head_json":{"title":"SYP Beve Manhattan - SYP Drinks","robots":{"index":"index","follow":"follow","max-snippet":"max-snippet:-1","max-image-preview":"max-image-preview:large","max-video-preview":"max-video-preview:-1"},"canonical":"https:\/\/syp-drinks.com\/it\/prodotto\/syp-beve-manhattan\/","og_locale":"it_IT","og_type":"article","og_title":"SYP Beve Manhattan","og_description":"\u00c8 piuttosto sorprendente come i cocktail pi\u00f9 classici siano anche i pi\u00f9 semplici. Chi avrebbe mai pensato che un sostanzioso bicchierino di whisky di segale, whisky canadese o bourbon con vermouth dolce e un pizzico di amaro sarebbe diventato e sarebbe rimasto un tale successo. Il SYP Manhattan \u00e8 fedele alla versione dolce: il vermouth dolce \u00e8 l'influencer chiave del sapore con un grande bourbon e amari americani. Dolce e salato, bere il nostro SYP Manhattan ti far\u00e0 sentire come se stessi camminando impettito lungo la Fifth Avenue il 4 luglio.","og_url":"https:\/\/syp-drinks.com\/it\/prodotto\/syp-beve-manhattan\/","og_site_name":"SYP Drinks","article_publisher":"https:\/\/www.instagram.com\/syp_drinks\/?hl=en","article_modified_time":"2023-01-24T05:05:15+00:00","og_image":[{"width":2000,"height":2500,"url":"https:\/\/syp-drinks.com\/wp-content\/uploads\/2023\/01\/SYP_white-background_web-res_72ppi_2500px_long-edge_09.jpg","type":"image\/jpeg"}],"twitter_card":"summary_large_image","schema":{"@context":"https:\/\/schema.org","@graph":[{"@type":"WebPage","@id":"https:\/\/syp-drinks.com\/it\/prodotto\/syp-beve-manhattan\/","url":"https:\/\/syp-drinks.com\/it\/prodotto\/syp-beve-manhattan\/","name":"SYP Beve Manhattan - SYP Drinks","isPartOf":{"@id":"https:\/\/syp-drinks.com\/it\/#website"},"primaryImageOfPage":{"@id":"https:\/\/syp-drinks.com\/it\/prodotto\/syp-beve-manhattan\/#primaryimage"},"image":{"@id":"https:\/\/syp-drinks.com\/it\/prodotto\/syp-beve-manhattan\/#primaryimage"},"thumbnailUrl":"https:\/\/syp-drinks.com\/wp-content\/uploads\/2023\/01\/SYP_white-background_web-res_72ppi_2500px_long-edge_09.jpg","datePublished":"2023-01-20T02:54:11+00:00","dateModified":"2023-01-24T05:05:15+00:00","breadcrumb":{"@id":"https:\/\/syp-drinks.com\/it\/prodotto\/syp-beve-manhattan\/#breadcrumb"},"inLanguage":"it-IT","potentialAction":[{"@type":"ReadAction","target":["https:\/\/syp-drinks.com\/it\/prodotto\/syp-beve-manhattan\/"]}]},{"@type":"ImageObject","inLanguage":"it-IT","@id":"https:\/\/syp-drinks.com\/it\/prodotto\/syp-beve-manhattan\/#primaryimage","url":"https:\/\/syp-drinks.com\/wp-content\/uploads\/2023\/01\/SYP_white-background_web-res_72ppi_2500px_long-edge_09.jpg","contentUrl":"https:\/\/syp-drinks.com\/wp-content\/uploads\/2023\/01\/SYP_white-background_web-res_72ppi_2500px_long-edge_09.jpg","width":2000,"height":2500,"caption":"SYP Drinks Boulevardier"},{"@type":"BreadcrumbList","@id":"https:\/\/syp-drinks.com\/it\/prodotto\/syp-beve-manhattan\/#breadcrumb","itemListElement":[{"@type":"ListItem","position":1,"name":"Home","item":"https:\/\/syp-drinks.com\/it\/"},{"@type":"ListItem","position":2,"name":"Shop","item":"https:\/\/syp-drinks.com\/shop\/"},{"@type":"ListItem","position":3,"name":"SYP Beve Manhattan"}]},{"@type":"WebSite","@id":"https:\/\/syp-drinks.com\/it\/#website","url":"https:\/\/syp-drinks.com\/it\/","name":"SYP Drinks","description":"SYP Drinks","publisher":{"@id":"https:\/\/syp-drinks.com\/it\/#organization"},"potentialAction":[{"@type":"SearchAction","target":{"@type":"EntryPoint","urlTemplate":"https:\/\/syp-drinks.com\/it\/?s={search_term_string}"},"query-input":{"@type":"PropertyValueSpecification","valueRequired":true,"valueName":"search_term_string"}}],"inLanguage":"it-IT"},{"@type":"Organization","@id":"https:\/\/syp-drinks.com\/it\/#organization","name":"SYP Drinks","url":"https:\/\/syp-drinks.com\/it\/","logo":{"@type":"ImageObject","inLanguage":"it-IT","@id":"https:\/\/syp-drinks.com\/it\/#\/schema\/logo\/image\/","url":"https:\/\/syp-drinks.com\/wp-content\/uploads\/2022\/09\/cropped-logoSYP400x400.jpeg","contentUrl":"https:\/\/syp-drinks.com\/wp-content\/uploads\/2022\/09\/cropped-logoSYP400x400.jpeg","width":400,"height":218,"caption":"SYP Drinks"},"image":{"@id":"https:\/\/syp-drinks.com\/it\/#\/schema\/logo\/image\/"},"sameAs":["https:\/\/www.instagram.com\/syp_drinks\/?hl=en","https:\/\/www.instagram.com\/syp_drinks"]}]}},"jetpack_sharing_enabled":true,"_links":{"self":[{"href":"https:\/\/syp-drinks.com\/it\/wp-json\/wp\/v2\/product\/8197","targetHints":{"allow":["GET"]}}],"collection":[{"href":"https:\/\/syp-drinks.com\/it\/wp-json\/wp\/v2\/product"}],"about":[{"href":"https:\/\/syp-drinks.com\/it\/wp-json\/wp\/v2\/types\/product"}],"replies":[{"embeddable":true,"href":"https:\/\/syp-drinks.com\/it\/wp-json\/wp\/v2\/comments?post=8197"}],"wp:featuredmedia":[{"embeddable":true,"href":"https:\/\/syp-drinks.com\/it\/wp-json\/wp\/v2\/media\/8509"}],"wp:attachment":[{"href":"https:\/\/syp-drinks.com\/it\/wp-json\/wp\/v2\/media?parent=8197"}],"wp:term":[{"taxonomy":"product_brand","embeddable":true,"href":"https:\/\/syp-drinks.com\/it\/wp-json\/wp\/v2\/product_brand?post=8197"},{"taxonomy":"product_cat","embeddable":true,"href":"https:\/\/syp-drinks.com\/it\/wp-json\/wp\/v2\/product_cat?post=8197"},{"taxonomy":"product_tag","embeddable":true,"href":"https:\/\/syp-drinks.com\/it\/wp-json\/wp\/v2\/product_tag?post=8197"}],"curies":[{"name":"wp","href":"https:\/\/api.w.org\/{rel}","templated":true}]}}